{"id":3650,"date":"2016-06-20T09:22:56","date_gmt":"2016-06-20T06:22:56","guid":{"rendered":"https:\/\/integralas.eu\/?page_id=3650"},"modified":"2022-10-18T19:13:08","modified_gmt":"2022-10-18T16:13:08","slug":"my-account","status":"publish","type":"page","link":"https:\/\/integralas.eu\/en\/my-account\/","title":{"rendered":"My account"},"content":{"rendered":"<div class=\"woocommerce\"><div class=\"col-lg-10 mx-auto mb-4\">\r\n\t\t<div class=\"align-left \">\r\n\t\t<div class=\"box-content\">\r\n\t\t\t<div class=\"woocommerce-notices-wrapper\"><\/div>\r\n\t\t\t\r\n\t\t\t<div class=\"u-columns col2-set\" id=\"customer_login\">\r\n\r\n\t\t\t\t<div class=\"u-column1 col-1\">\r\n\r\n\t\t\t\t\t\t\t\t<form class=\"woocommerce-form woocommerce-form-login login pr-lg-4 pe-0\" method=\"post\">\r\n\t\t\t\t\t\t<h3 class=\"account-sub-title mb-2 font-weight-bold text-capitalize text-v-dark\">Login<\/h3>\r\n\t\t\t\t\t\t\t\t\t\t\t\t\t\t\t\t\t\t<p class=\"woocommerce-form-row woocommerce-form-row--wide form-row form-row-wide\">\r\n\t\t\t\t\t\t\t<label class=\"mb-1 font-weight-medium\" for=\"username\">Username or email address&nbsp;<span class=\"required\" aria-hidden=\"true\">*<\/span><span class=\"screen-reader-text\">Required<\/span><\/label>\r\n\t\t\t\t\t\t\t<input type=\"text\" class=\"woocommerce-Input woocommerce-Input--text input-text line-height-xl\" name=\"username\" id=\"username\" autocomplete=\"username\" value=\"\" required aria-required=\"true\" \/>\t\t\t\t\t\t<\/p>\r\n\t\t\t\t\t\t<p class=\"woocommerce-form-row woocommerce-form-row--wide form-row form-row-wide mb-2\">\r\n\t\t\t\t\t\t\t<label class=\"mb-1 font-weight-medium\" for=\"password\">Password&nbsp;<span class=\"required\" aria-hidden=\"true\">*<\/span><span class=\"screen-reader-text\">Required<\/span><\/label>\r\n\t\t\t\t\t\t\t<input class=\"woocommerce-Input woocommerce-Input--text input-text line-height-xl\" type=\"password\" name=\"password\" id=\"password\" autocomplete=\"current-password\" required aria-required=\"true\" \/>\r\n\t\t\t\t\t\t<\/p>\r\n\r\n\t\t\t\t\t\t\r\n\t\t\t\t\t\t<p class=\"status\" style=\"display: none;\"><\/p>\r\n\r\n\t\t\t\t\t\t<div class=\"woocommerce-LostPassword lost_password d-flex flex-column flex-sm-row justify-content-between mb-4\">\r\n\t\t\t\t\t\t\t<div class=\"porto-checkbox my-2 my-sm-0\">\r\n\t\t\t\t\t\t\t\t<input type=\"checkbox\" name=\"rememberme\" id=\"rememberme\" value=\"forever\" class=\"porto-control-input woocommerce-form__input woocommerce-form__input-checkbox\">\r\n\t\t\t\t\t\t\t\t<label class=\"porto-control-label no-radius\" for=\"rememberme\">Remember me<\/label>\r\n\t\t\t\t\t\t\t<\/div>\r\n\t\t\t\t\t\t\t<a href=\"https:\/\/integralas.eu\/en\/my-account\/lost-password\/\" class=\"text-v-dark font-weight-semibold\">Forgot Password?<\/a>\r\n\t\t\t\t\t\t<\/div>\r\n\t\t\t\t\t\t<p class=\"form-row mb-3 mb-lg-0 pb-1 pb-lg-0\">\r\n\t\t\t\t\t\t\t<input type=\"hidden\" id=\"woocommerce-login-nonce\" name=\"woocommerce-login-nonce\" value=\"e900e6fa8a\" \/><input type=\"hidden\" name=\"_wp_http_referer\" value=\"\/en\/wp-json\/wp\/v2\/pages\/3650\" \/>\t\t\t\t\t\t\t<button type=\"submit\" class=\"woocommerce-Button button login-btn btn-v-dark py-3 text-md w-100\" name=\"login\" value=\"Login\">Login<\/button>\r\n\t\t\t\t\t\t<\/p>\r\n\t\t\t\t\t\t\t\t\t\t\t\t\t\t\t\t\t\t\t\t\t\t\t\t\t\t\t\t\t\t<\/form>\r\n\t\t\t\r\n\t\t\t\t<\/div>\r\n\t\t\t\t<div class=\"u-column2 col-2\">\r\n\t\t\t\t\t<form method=\"post\" class=\"woocommerce-form woocommerce-form-register register pl-lg-4 pe-0\"  >\r\n\t\t\t\t\t\t<h3 class=\"account-sub-title mb-2 font-weight-bold\">Register<\/h3>\r\n\t\t\t\t\t\t\r\n\t\t\t\t\t\t\r\n\t\t\t\t\t\t<p class=\"woocommerce-form-row woocommerce-form-row--wide form-row form-row-wide\">\r\n\t\t\t\t\t\t\t<label class=\"font-weight-medium mb-1\" for=\"reg_email\">Email address&nbsp;<span class=\"required\" aria-hidden=\"true\">*<\/span><span class=\"screen-reader-text\">Required<\/span><\/label>\r\n\t\t\t\t\t\t\t<input type=\"email\" class=\"woocommerce-Input woocommerce-Input--text line-height-xl input-text\" name=\"email\" id=\"reg_email\" autocomplete=\"email\" value=\"\" required aria-required=\"true\" \/>\t\t\t\t\t\t<\/p>\r\n\r\n\t\t\t\t\t\t\r\n\t\t\t\t\t\t\t<p class=\"woocommerce-form-row woocommerce-form-row--wide form-row form-row-wide\">\r\n\t\t\t\t\t\t\t\t<label class=\"font-weight-medium mb-1\" for=\"reg_password\">Password&nbsp;<span class=\"required\" aria-hidden=\"true\">*<\/span><span class=\"screen-reader-text\">Required<\/span><\/label>\r\n\t\t\t\t\t\t\t\t<input type=\"password\" class=\"woocommerce-Input woocommerce-Input--text line-height-xl input-text\" name=\"password\" id=\"reg_password\" autocomplete=\"new-password\" required aria-required=\"true\" \/>\r\n\t\t\t\t\t\t\t<\/p>\r\n\r\n\t\t\t\t\t\t\r\n\t\t\t\t\t\t<div class=\"woocommerce-privacy-policy-text\"><p>J\u016bs\u0173 asmeniniai duomenys bus naudojami patogesniam nar\u0161ymui \u0161iame tinklalapyje, paskyros valdymui bei kitoms reikm\u0117ms, kurios apra\u0161ytos m\u016bs\u0173 <a href=\"https:\/\/integralas.eu\/privatumo-politika\/\" class=\"woocommerce-privacy-policy-link\" target=\"_blank\">privacy policy<\/a>.<\/p>\n<\/div>\r\n\t\t\t\t\t\t<p class=\"status\" style=\"display: none;\"><\/p>\r\n\r\n\t\t\t\t\t\t<p class=\"woocommerce-form-row form-row mb-0\">\r\n\t\t\t\t\t\t\t<input type=\"hidden\" id=\"woocommerce-register-nonce\" name=\"woocommerce-register-nonce\" value=\"3d56058324\" \/><input type=\"hidden\" name=\"_wp_http_referer\" value=\"\/en\/wp-json\/wp\/v2\/pages\/3650\" \/>\t\t\t\t\t\t\t<button type=\"submit\" class=\"woocommerce-Button button register-btn btn-v-dark text-md py-3 w-100\" name=\"register\" value=\"Register\">Register<\/button>\r\n\t\t\t\t\t\t<\/p>\r\n\r\n\t\t\t\t\t\t\r\n\t\t\t\t\t<\/form>\r\n\r\n\t\t\t\t<\/div>\r\n\t\t\t<\/div>\r\n\t\t\t\r\n\t\t\t\t\t<\/div>\r\n\t<\/div>\r\n<\/div>\r\n<\/div>\n","protected":false},"excerpt":{"rendered":"","protected":false},"author":1,"featured_media":0,"parent":0,"menu_order":0,"comment_status":"closed","ping_status":"closed","template":"","meta":{"footnotes":""},"_links":{"self":[{"href":"https:\/\/integralas.eu\/en\/wp-json\/wp\/v2\/pages\/3650"}],"collection":[{"href":"https:\/\/integralas.eu\/en\/wp-json\/wp\/v2\/pages"}],"about":[{"href":"https:\/\/integralas.eu\/en\/wp-json\/wp\/v2\/types\/page"}],"author":[{"embeddable":true,"href":"https:\/\/integralas.eu\/en\/wp-json\/wp\/v2\/users\/1"}],"replies":[{"embeddable":true,"href":"https:\/\/integralas.eu\/en\/wp-json\/wp\/v2\/comments?post=3650"}],"version-history":[{"count":2,"href":"https:\/\/integralas.eu\/en\/wp-json\/wp\/v2\/pages\/3650\/revisions"}],"predecessor-version":[{"id":3652,"href":"https:\/\/integralas.eu\/en\/wp-json\/wp\/v2\/pages\/3650\/revisions\/3652"}],"wp:attachment":[{"href":"https:\/\/integralas.eu\/en\/wp-json\/wp\/v2\/media?parent=3650"}],"curies":[{"name":"wp","href":"https:\/\/api.w.org\/{rel}","templated":true}]}}